{"id":20,"date":"2015-05-07T10:57:02","date_gmt":"2015-05-07T08:57:02","guid":{"rendered":"http:\/\/localhost:8888\/wordpress\/?page_id=20"},"modified":"2015-05-11T15:47:23","modified_gmt":"2015-05-11T13:47:23","slug":"ueber-4bit","status":"publish","type":"page","link":"https:\/\/www.4bit.de\/cms\/ueber-4bit\/","title":{"rendered":"\u00dcber 4BIT"},"content":{"rendered":"<p><strong>Die Firma 4BIT GmbH &#8211; software engineering<\/strong><\/p>\n<p>Dieter Pr\u00f6stler, Carsten Waldschmidt, Alexander Wittemann und Erwin Zippel gr\u00fcndeten 1995 4BIT als GbR mit Sitz im unterfr\u00e4nkischen\u00a0W\u00fcrzburg. Zu Beginn spezialisierten wir uns auf die Erstellung von individuellen Software-L\u00f6sungen f\u00fcr Firmen jeglicher Branche.<\/p>\n<p>Mit\u00a0unserer Philosophie wurde eine Reihe von sehr innovativen Softwareprodukten erstellt.<\/p>\n<p>1996 wurde an uns die Anfrage gerichtet, ob es nicht m\u00f6glich w\u00e4re, eine Warenwirtschaftssoftware f\u00fcr den Buchhandel zu entwickeln, die unter Windows l\u00e4uft, gut verst\u00e4ndlich, leicht zu bedienen und nat\u00fcrlich auch noch im Preis so g\u00fcnstig ist, dass auch kleinere Buchhandlungen die Vorteile einer solchen Warenwirtschaft nutzen k\u00f6nnen.<\/p>\n<p>Aus diesen Vorgaben wurde die Warenwirtschaft LiBraS geboren und in Zusammenarbeit mit einigen namhaften Buchh\u00e4ndlern in ganz Deutschland weiterentwickelt. So z.B. den Buchhandlungen &#8222;Was Ihr wollt&#8220; in Duisburg, &#8222;Schwarz auf Weiss&#8220; in Bad S\u00e4ckingen und der &#8222;Seebuchhandlung&#8220; in \u00dcberlingen.<\/p>\n","protected":false},"excerpt":{"rendered":"Die Firma 4BIT GmbH &#8211; software engineering Dieter Pr\u00f6stler, Carsten Waldschmidt, Alexander Wittemann und Erwin Zippel gr\u00fcndeten 1995 4BIT als GbR mit Sitz im unterfr\u00e4nkischen\u00a0W\u00fcrzburg. Zu Beginn spezialisierten wir uns auf die Erstellung von individuellen Software-L\u00f6sungen f\u00fcr Firmen jeglicher Branche. Mit\u00a0unserer Philosophie wurde eine Reihe von &hellip; <p><a href=\"https:\/\/www.4bit.de\/cms\/ueber-4bit\/\" class=\"more-link\"><span class=\"morelink-icon\">Weiterlesen<\/span><\/a><\/p>","protected":false},"author":1,"featured_media":0,"parent":0,"menu_order":0,"comment_status":"closed","ping_status":"open","template":"page-templates\/full-width.php","meta":[],"jetpack_sharing_enabled":true,"jetpack_shortlink":"https:\/\/wp.me\/P6uNPK-k","_links":{"self":[{"href":"https:\/\/www.4bit.de\/cms\/wp-json\/wp\/v2\/pages\/20"}],"collection":[{"href":"https:\/\/www.4bit.de\/cms\/wp-json\/wp\/v2\/pages"}],"about":[{"href":"https:\/\/www.4bit.de\/cms\/wp-json\/wp\/v2\/types\/page"}],"author":[{"embeddable":true,"href":"https:\/\/www.4bit.de\/cms\/wp-json\/wp\/v2\/users\/1"}],"replies":[{"embeddable":true,"href":"https:\/\/www.4bit.de\/cms\/wp-json\/wp\/v2\/comments?post=20"}],"version-history":[{"count":4,"href":"https:\/\/www.4bit.de\/cms\/wp-json\/wp\/v2\/pages\/20\/revisions"}],"predecessor-version":[{"id":75,"href":"https:\/\/www.4bit.de\/cms\/wp-json\/wp\/v2\/pages\/20\/revisions\/75"}],"wp:attachment":[{"href":"https:\/\/www.4bit.de\/cms\/wp-json\/wp\/v2\/media?parent=20"}],"curies":[{"name":"wp","href":"https:\/\/api.w.org\/{rel}","templated":true}]}}