{"id":29,"date":"2015-05-07T11:06:53","date_gmt":"2015-05-07T09:06:53","guid":{"rendered":"http:\/\/localhost:8888\/wordpress\/?page_id=29"},"modified":"2025-02-19T08:07:01","modified_gmt":"2025-02-19T07:07:01","slug":"startseite","status":"publish","type":"page","link":"https:\/\/www.4bit.de\/cms\/","title":{"rendered":"Startseite"},"content":{"rendered":"<div class=\"mp-row-fluid motopress-row mpce-dsbl-margin-left mpce-dsbl-margin-right\">\n<div class=\"motopress-clmn mp-span12  mpce-dsbl-margin-left mpce-dsbl-margin-right\">\n<div class=\"mp-row-fluid motopress-row mpce-dsbl-margin-left mpce-dsbl-margin-right\">\n<div class=\"motopress-clmn mp-span12 mpce-dsbl-margin-left mpce-dsbl-margin-right\">\n<p><strong>LiBraS \u2013 Die Warenwirtschaft f\u00fcr den Buchhandel<\/strong><\/p>\n<p>Herzlich Willkommen bei der Firma 4BIT GmbH und der LiBraS Warenwirtschaft.<\/p>\n<p>Wenn Sie bereits eine Warenwirtschaft einsetzen, die extrem \u00fcbersichtlich, einfach zu bedienen und in der Funktionalit\u00e4t beinahe perfekt ist, wenn Ihre W\u00fcnsche und Verbesserungen auch innerhalb weniger Tage realisiert werden und Sie von 8:00 Uhr \u2013 22:00 Uhr kompetente Hilfestellung bei allen Ihren Anwendungs- und EDV Fragen erhalten, dann k\u00f6nnen wir Ihnen gratulieren &#8211; Sie haben bereits die LiBraS WWS.<\/p>\n<p>Allen anderen w\u00fcnschen wir viel Erfolg beim St\u00f6bern auf unseren Seiten.<\/p>\n<p>Neugierig &#8211; dann einfach Ihr kostenloses\u00a0LiBraS <a href=\"https:\/\/www.4bit.de\/cms\/?r3d=4bit-flyer\">Info Material<\/a> anfordern.<\/p>\n<p>Carsten Waldschmidt<\/p>\n<p>&#8211; Gesch\u00e4ftsf\u00fchrer 4BIT GmbH &#8211;<\/p>\n<p>\u00a0<\/p>\n<p>\u00a0<\/p>\n<\/div>\n<\/div>\n<div class=\"mp-row-fluid motopress-row mpce-dsbl-margin-left mpce-dsbl-margin-right\">\n<div class=\"motopress-clmn mp-span12 mpce-dsbl-margin-left mpce-dsbl-margin-right\">\n<div class=\"motopress-social-profile-obj motopress-text-align-left motopress-buttons-volume motopress-buttons-64x64\"><span class=\"motopress-button-facebook\"><a href=\"https:\/\/www.facebook.com\/4BIT.LiBraS\" title=\"Facebook\" target=\"_blank\"><\/a><\/span><span class=\"motopress-button-instagram\"><a href=\"https:\/\/www.instagram.com\/waldi_4bit\/?igshid=OGQ5ZDc2ODk2ZA%3D%3D\" title=\"Instagram\" target=\"_blank\"><\/a><\/span><\/div>\n<\/div>\n<\/div>\n<\/div>\n<\/div>\n","protected":false},"excerpt":{"rendered":"LiBraS \u2013 Die Warenwirtschaft f\u00fcr den Buchhandel Herzlich Willkommen bei der Firma 4BIT GmbH und der LiBraS Warenwirtschaft. Wenn Sie bereits eine Warenwirtschaft einsetzen, die extrem \u00fcbersichtlich, einfach zu bedienen und in der Funktionalit\u00e4t beinahe perfekt ist, wenn Ihre W\u00fcnsche und Verbesserungen auch innerhalb weniger Tage &hellip; <p><a href=\"https:\/\/www.4bit.de\/cms\/\" class=\"more-link\"><span class=\"morelink-icon\">Weiterlesen<\/span><\/a><\/p>","protected":false},"author":1,"featured_media":0,"parent":0,"menu_order":0,"comment_status":"closed","ping_status":"open","template":"page-templates\/full-width.php","meta":[],"jetpack_sharing_enabled":true,"jetpack_shortlink":"https:\/\/wp.me\/P6uNPK-t","_links":{"self":[{"href":"https:\/\/www.4bit.de\/cms\/wp-json\/wp\/v2\/pages\/29"}],"collection":[{"href":"https:\/\/www.4bit.de\/cms\/wp-json\/wp\/v2\/pages"}],"about":[{"href":"https:\/\/www.4bit.de\/cms\/wp-json\/wp\/v2\/types\/page"}],"author":[{"embeddable":true,"href":"https:\/\/www.4bit.de\/cms\/wp-json\/wp\/v2\/users\/1"}],"replies":[{"embeddable":true,"href":"https:\/\/www.4bit.de\/cms\/wp-json\/wp\/v2\/comments?post=29"}],"version-history":[{"count":16,"href":"https:\/\/www.4bit.de\/cms\/wp-json\/wp\/v2\/pages\/29\/revisions"}],"predecessor-version":[{"id":1106,"href":"https:\/\/www.4bit.de\/cms\/wp-json\/wp\/v2\/pages\/29\/revisions\/1106"}],"wp:attachment":[{"href":"https:\/\/www.4bit.de\/cms\/wp-json\/wp\/v2\/media?parent=29"}],"curies":[{"name":"wp","href":"https:\/\/api.w.org\/{rel}","templated":true}]}}