{"id":31,"date":"2015-05-07T11:07:02","date_gmt":"2015-05-07T09:07:02","guid":{"rendered":"http:\/\/localhost:8888\/wordpress\/?page_id=31"},"modified":"2024-10-02T11:50:13","modified_gmt":"2024-10-02T09:50:13","slug":"impressum","status":"publish","type":"page","link":"https:\/\/www.4bit.de\/cms\/impressum\/","title":{"rendered":"Impressum"},"content":{"rendered":"<div class=\"mp-row-fluid motopress-row mpce-dsbl-margin-left mpce-dsbl-margin-right\">\n<div class=\"motopress-clmn mp-span12  mpce-dsbl-margin-left mpce-dsbl-margin-right\">\n<p>\u00a0<\/p>\n<table class=\"contentpaneopen\">\n<tbody>\n<tr>\n<td valign=\"top\">Dies ist eine gesch\u00e4ftliche Internetpr\u00e4senz der Fa. 4BIT GmbH software engineering<br \/>Fritz-Haber-Stra\u00dfe 13<br \/>97080 W\u00fcrzburg<br \/>Tel. (+49) (0)931 9 70 96 90<br \/>Fax (+49) (0)931 9 70 96 98<br \/><a href=\"https:\/\/www.4bit.de\/\/\">www.4bit.de<\/a><br \/><a href=\"mailto:waldschmidt@4bit.de\">waldschmidt@4bit.de <\/a>Gesch\u00e4ftsf\u00fchrer: Carsten Waldschmidt<\/p>\n<p>Registergericht W\u00fcrzburg HRB 7313<br \/>UST ID: DE213589795<br \/>UST Nr: 257\/141\/40011<\/p>\n<p>Wir sind Mitglied des B\u00f6rsenvereins des <em>Deutschen Buchhandels. <\/em><em>Verkehrsnummer: 18134<\/em><\/p>\n<p><strong>Warenzeichen<\/strong><br \/>Wir weisen darauf hin, dass die auf unserer Website genannten und gezeigten Bezeichnungen, Warenzeichen, Logos und Markennamen Eigentum der entsprechenden Firmen sind und\/oder Personen sind und dem Copyright unterliegen.<\/p>\n<p>4BIT ist ein eingetragenes Warenzeichen 4BIT GmbH, W\u00fcrzburg.<\/p>\n<p><strong>Haftung f\u00fcr Links<\/strong><\/p>\n<p>Unser Angebot enth\u00e4lt Links zu externen Webseiten Dritter, auf deren Inhalte wir keinen Einfluss haben. Deshalb k\u00f6nnen wir f\u00fcr diese fremden Inhalte auch keine Gew\u00e4hr \u00fcbernehmen. F\u00fcr die Inhalte der verlinkten Seiten ist stets der jeweilige Anbieter oder Betreiber der Seiten verantwortlich. Die verlinkten Seiten wurden zum Zeitpunkt der Verlinkung auf m\u00f6gliche Rechtsverst\u00f6\u00dfe \u00fcberpr\u00fcft. Rechtswidrige Inhalte waren zum Zeitpunkt der Verlinkung nicht erkennbar. Eine permanente inhaltliche Kontrolle der verlinkten Seiten ist jedoch ohne konkrete Anhaltspunkte einer Rechtsverletzung nicht zumutbar. Bei Bekanntwerden von Rechtsverletzungen werden Wir derartige Links umgehend entfernen.<\/p>\n<p>Keine Haftung in Bezug auf Vollst\u00e4ndigkeit, Richtigkeit und Aktualit\u00e4t der angebotenen Informationen.<\/p>\n<p><strong>Datenschutz<\/strong><\/p>\n<p>Der Nutzung von im Rahmen der Impressumspflicht ver\u00f6ffentlichten Kontaktdaten durch Dritte zur \u00dcbersendung von nicht ausdr\u00fccklich angeforderter Werbung und Informationsmaterialien wird hiermit ausdr\u00fccklich widersprochen. Die Betreiber der Seiten behalten sich ausdr\u00fccklich rechtliche Schritte im Falle der unverlangten Zusendung von Werbeinformationen, etwa durch Spam-Mails, vor.<\/p>\n<\/td>\n<\/tr>\n<\/tbody>\n<\/table>\n<\/div>\n<\/div>\n","protected":false},"excerpt":{"rendered":"\u00a0 Dies ist eine gesch\u00e4ftliche Internetpr\u00e4senz der Fa. 4BIT GmbH software engineeringFritz-Haber-Stra\u00dfe 1397080 W\u00fcrzburgTel. (+49) (0)931 9 70 96 90Fax (+49) (0)931 9 70 96 98www.4bit.dewaldschmidt@4bit.de Gesch\u00e4ftsf\u00fchrer: Carsten Waldschmidt Registergericht W\u00fcrzburg HRB 7313UST ID: DE213589795UST Nr: 257\/141\/40011 Wir sind Mitglied des B\u00f6rsenvereins des Deutschen Buchhandels. Verkehrsnummer: &hellip; <p><a href=\"https:\/\/www.4bit.de\/cms\/impressum\/\" class=\"more-link\"><span class=\"morelink-icon\">Weiterlesen<\/span><\/a><\/p>","protected":false},"author":1,"featured_media":0,"parent":0,"menu_order":0,"comment_status":"closed","ping_status":"open","template":"page-templates\/no-sidebar.php","meta":[],"jetpack_sharing_enabled":true,"jetpack_shortlink":"https:\/\/wp.me\/P6uNPK-v","_links":{"self":[{"href":"https:\/\/www.4bit.de\/cms\/wp-json\/wp\/v2\/pages\/31"}],"collection":[{"href":"https:\/\/www.4bit.de\/cms\/wp-json\/wp\/v2\/pages"}],"about":[{"href":"https:\/\/www.4bit.de\/cms\/wp-json\/wp\/v2\/types\/page"}],"author":[{"embeddable":true,"href":"https:\/\/www.4bit.de\/cms\/wp-json\/wp\/v2\/users\/1"}],"replies":[{"embeddable":true,"href":"https:\/\/www.4bit.de\/cms\/wp-json\/wp\/v2\/comments?post=31"}],"version-history":[{"count":7,"href":"https:\/\/www.4bit.de\/cms\/wp-json\/wp\/v2\/pages\/31\/revisions"}],"predecessor-version":[{"id":1079,"href":"https:\/\/www.4bit.de\/cms\/wp-json\/wp\/v2\/pages\/31\/revisions\/1079"}],"wp:attachment":[{"href":"https:\/\/www.4bit.de\/cms\/wp-json\/wp\/v2\/media?parent=31"}],"curies":[{"name":"wp","href":"https:\/\/api.w.org\/{rel}","templated":true}]}}