{"id":467,"date":"2016-09-27T13:45:08","date_gmt":"2016-09-27T11:45:08","guid":{"rendered":"http:\/\/www.4bit.de\/cms\/?page_id=467"},"modified":"2024-05-03T10:43:36","modified_gmt":"2024-05-03T08:43:36","slug":"systemvorraussetzungen","status":"publish","type":"page","link":"https:\/\/www.4bit.de\/cms\/libras\/systemvorraussetzungen\/","title":{"rendered":"Systemvorraussetzungen"},"content":{"rendered":"<div class=\"mp-row-fluid motopress-row mpce-dsbl-margin-left mpce-dsbl-margin-right\">\n<div class=\"motopress-clmn mp-span12  mpce-dsbl-margin-left mpce-dsbl-margin-right\">\n<p>Systemvoraussetzungen f\u00fcr LiBraS \u2013 Die Warenwirtschaft<\/p>\n<ul>\n<li>Server<br \/>LiBraS braucht nicht zwingend einen eigenen Server, also eine Computerplatz an dem nicht gearbeitet<br \/>wird. Diese Regel gilt bis zu einer Gr\u00f6\u00dfe von 5 Arbeitspl\u00e4tzen. Sollen mehr Rechner im Netzwerk mit<br \/>LiBraS laufen, wird ein dedizierter Server empfohlen. Die u. g. Hardwarevoraussetzungen gelten in<br \/>beiden F\u00e4llen.<br \/>Zur Sicherung empfehlen wir Acronis und eine externe Festplatte.Hardware Voraussetzungen:\n<ul>\n<li>16GB Arbeitspeicher<\/li>\n<li>SSD Festplatte<\/li>\n<li>ben\u00f6tigter Festplattenspeicher: ca. 2-6GB (abh\u00e4ngig von der Datenbankgr\u00f6\u00dfe)<\/li>\n<li>Intel i5 ab 6000-er Serie oder vergleichbarer AMD Prozessor<\/li>\n<\/ul>\n<\/li>\n<li>Arbeitsplatzrechner<br \/>Hardware Voraussetzungen\n<ul>\n<li>mehr als 8 GB Arbeitsspeicher, empfohlen 16GB<\/li>\n<li>Intel i3 ab 6000-er Serie oder vergleichbarer AMD Prozessor\u00a0<\/li>\n<\/ul>\n<\/li>\n<li>Kassenrechner<br \/>Hardware Voraussetzungen\n<ul>\n<li>mehr als 8 GB Arbeitsspeicher, empfohlen 16GB<\/li>\n<li>eine serielle Schnittstelle (sollte diese nicht vorhanden sein, k\u00f6nnen wir diese bei der Einrichtung des Systems mitinstallieren.)<\/li>\n<li>Intel i3 ab 6000-er Serie oder vergleichbarer AMD Prozessor<\/li>\n<li>Kassenschublade<\/li>\n<li>Barcodescanner<\/li>\n<li>Optional: Kundedisplay<\/li>\n<li>Optional: Bondrucker<\/li>\n<\/ul>\n<\/li>\n<li>Netzwerk<br \/>100 MBit Netzwerk ist ausreichend, empfohlen wird jedoch ein 1000 MBit Netzwerk.<br \/>Sollten Sie eine neue Verkabelung ben\u00f6tigen, empfehlen wir Ihnen gleich CAT 7 Netzwerkkabel zu verwenden.<br \/>Somit sind Sie auch f\u00fcr die Zukunft auf der sicheren Seite.<br \/>Ein WLAN-Funknetz lehnen wir aus Geschwindigkeits- und Stabilit\u00e4tsgr\u00fcnden ab.<br \/>Als Router am besten gleich einen DSL Router verwenden, wenn dieser nicht schon vorhanden ist.<\/li>\n<li>5. Allgemein<br \/>Aufl\u00f6sung der Monitore mindestens 1280 x 1024<\/li>\n<\/ul>\n<\/div>\n<\/div>\n","protected":false},"excerpt":{"rendered":"Systemvoraussetzungen f\u00fcr LiBraS \u2013 Die Warenwirtschaft ServerLiBraS braucht nicht zwingend einen eigenen Server, also eine Computerplatz an dem nicht gearbeitetwird. Diese Regel gilt bis zu einer Gr\u00f6\u00dfe von 5 Arbeitspl\u00e4tzen. Sollen mehr Rechner im Netzwerk mitLiBraS laufen, wird ein dedizierter Server empfohlen. Die u. g. Hardwarevoraussetzungen &hellip; <p><a href=\"https:\/\/www.4bit.de\/cms\/libras\/systemvorraussetzungen\/\" class=\"more-link\"><span class=\"morelink-icon\">Weiterlesen<\/span><\/a><\/p>","protected":false},"author":1,"featured_media":0,"parent":14,"menu_order":0,"comment_status":"closed","ping_status":"closed","template":"page-templates\/full-width.php","meta":[],"jetpack_sharing_enabled":true,"jetpack_shortlink":"https:\/\/wp.me\/P6uNPK-7x","_links":{"self":[{"href":"https:\/\/www.4bit.de\/cms\/wp-json\/wp\/v2\/pages\/467"}],"collection":[{"href":"https:\/\/www.4bit.de\/cms\/wp-json\/wp\/v2\/pages"}],"about":[{"href":"https:\/\/www.4bit.de\/cms\/wp-json\/wp\/v2\/types\/page"}],"author":[{"embeddable":true,"href":"https:\/\/www.4bit.de\/cms\/wp-json\/wp\/v2\/users\/1"}],"replies":[{"embeddable":true,"href":"https:\/\/www.4bit.de\/cms\/wp-json\/wp\/v2\/comments?post=467"}],"version-history":[{"count":10,"href":"https:\/\/www.4bit.de\/cms\/wp-json\/wp\/v2\/pages\/467\/revisions"}],"predecessor-version":[{"id":1045,"href":"https:\/\/www.4bit.de\/cms\/wp-json\/wp\/v2\/pages\/467\/revisions\/1045"}],"up":[{"embeddable":true,"href":"https:\/\/www.4bit.de\/cms\/wp-json\/wp\/v2\/pages\/14"}],"wp:attachment":[{"href":"https:\/\/www.4bit.de\/cms\/wp-json\/wp\/v2\/media?parent=467"}],"curies":[{"name":"wp","href":"https:\/\/api.w.org\/{rel}","templated":true}]}}