{"id":539,"date":"2018-03-19T11:15:03","date_gmt":"2018-03-19T10:15:03","guid":{"rendered":"http:\/\/www.4bit.de\/cms\/?page_id=539"},"modified":"2022-10-10T08:16:56","modified_gmt":"2022-10-10T06:16:56","slug":"datenschutzhinweise","status":"publish","type":"page","link":"https:\/\/www.4bit.de\/cms\/datenschutzhinweise\/","title":{"rendered":"Datenschutzhinweise"},"content":{"rendered":"<div class=\"mp-row-fluid motopress-row mpce-dsbl-margin-left mpce-dsbl-margin-right\">\n<div class=\"motopress-clmn mp-span12  mpce-dsbl-margin-left mpce-dsbl-margin-right\">\n<p class=\"p2\"><b>4BIT zum Thema Datenschutz\u00a0<\/b><\/p>\n<p class=\"p2\">Der Schutz personenbezogener Daten ist uns ein wichtiges Anliegen. Deshalb betreiben wir unsere Aktivit\u00e4ten in \u00dcbereinstimmung mit den anwendbaren Rechtsvorschriften zum Schutz personenbezogener Daten und zur Datensicherheit. Im Folgenden erfahren Sie, welche Informationen wir gegebenenfalls sammeln, wie wir damit umgehen und wem wir sie gegebenenfalls zur Verf\u00fcgung stellen.<\/p>\n<p>Verantwortliche Stelle im Sinne des Datenschutzrechts ist die Firma<\/p>\n<p>4BIT GmbH<br \/>Fritz-Haber-Str. 13<br \/>97080 W\u00fcrzburg<\/p>\n<p>Tel. ++49 (0) 931-9 70 96-90<br \/>Fax ++49 (0) 931-9 70 96-98<br \/>www.4bit.de<br \/>info@4bit.de<\/p>\n<p>Gesch\u00e4ftsf\u00fchrer: Carsten Waldschmidt<\/p>\n<p>Amtsgericht W\u00fcrzburg HRB 7313<br \/>Umsatzsteuer-Ident-Nr.: DE213589795<\/p>\n<p>\u00a0<\/p>\n<p class=\"p2\"><b>Personenbezogene Daten\u00a0<\/b><\/p>\n<p class=\"p2\">\u00dcber unsere Websites erfassen wir keinerlei personenbezogene Daten (z.B. Namen, Anschriften, Telefonnummern oder E-Mail-Adressen), au\u00dfer wenn Sie uns solche Daten freiwillig zur Verf\u00fcgung stellen (z. B. durch Registrierung, Umfrage, Anfrage, Auftrag) bzw. eingewilligt haben oder die entsprechenden Rechtsvorschriften \u00fcber den Schutz Ihrer Daten dies erlauben.<\/p>\n<p class=\"p2\"><b>Zweckbestimmung\u00a0<\/b><\/p>\n<p class=\"p2\">Die von Ihnen zur Verf\u00fcgung gestellten personenbezogenen Daten verwenden wir im allgemeinen, um Ihre Anfragen zu beantworten, Ihre Auftr\u00e4ge zu bearbeiten oder Ihnen Zugang zu bestimmten Informationen oder Angeboten zu verschaffen.<\/p>\n<p class=\"p2\">Zur Pflege der Kundenbeziehungen kann es weiterhin n\u00f6tig sein,<\/p>\n<ul class=\"ul1\">\n<li class=\"li3\"><span class=\"s1\">\u00a0<\/span>dass wir Ihre personenbezogenen Daten speichern, verarbeiten, um auf Ihre W\u00fcnsche besser eingehen zu k\u00f6nnen oder unsere Produkte oder Leistungen zu verbessern;<\/li>\n<\/ul>\n<p class=\"p2\">Wir werden Ihre personenbezogenen Daten weder an Dritte verkaufen noch anderweitig vermarkten.<\/p>\n<p class=\"p2\"><b>Zweckgebundene Verwendung\u00a0<\/b><\/p>\n<p class=\"p2\">4BIT wird die von Ihnen online zur Verf\u00fcgung gestellten personenbezogenen Daten nur f\u00fcr die Ihnen mitgeteilten Zwecke erheben, verarbeiten und nutzen, au\u00dfer wenn die Erhebung, Verarbeitung oder Nutzung<\/p>\n<ul class=\"ul1\">\n<li class=\"li3\">f\u00fcr einen weiteren Zweck erfolgt, der in direktem Zusammenhang mit dem urspr\u00fcnglichen Zweck steht, zu dem die personenbezogenen Daten erhoben wurden,<\/li>\n<li class=\"li3\">f\u00fcr die Vorbereitung, Verhandlung und Erf\u00fcllung eines Vertrages mit Ihnen erforderlich ist,<\/li>\n<li class=\"li3\">aufgrund rechtlicher Verpflichtung oder beh\u00f6rdlicher oder gerichtlicher Anordnung erforderlich ist,<\/li>\n<li class=\"li3\">zur Begr\u00fcndung oder zum Schutz rechtlicher Anspr\u00fcche oder zur Abwehr von Klagen erforderlich ist,<\/li>\n<li class=\"li3\">der Verhinderung von Missbrauch oder sonstiger ungesetzlicher Aktivit\u00e4ten dient, z. B. vors\u00e4tzlicher Angriffe auf die 4BIT-Systeme zur Gew\u00e4hrleistung der Datensicherheit.<\/li>\n<\/ul>\n<p class=\"p2\"><b>Kommunikations- oder nutzungsbezogene Angaben\u00a0<\/b><\/p>\n<p class=\"p2\">Wenn Sie \u00fcber Telekommunikationsdienste auf unsere Websites zugreifen, werden kommunikationsbezogene Angaben (z.B. Internet-Protokoll-Adresse) bzw. nutzungsbezogene Angaben (z.B. Angaben zu Nutzungsbeginn und -dauer sowie zu den von Ihnen genutzten Telekommunikationsdiensten) mit technischen Mitteln automatisch erzeugt. Diese k\u00f6nnen eventuell R\u00fcckschl\u00fcsse auf personenbezogene Daten zulassen. Soweit eine Erfassung, Verarbeitung und Verwendung Ihrer kommunikations- bzw. nutzungsbezogenen Angaben zwingend notwendig ist, unterliegt diese den gesetzlichen Regelungen zum Datenschutz.<\/p>\n<p class=\"p2\"><b>Automatisch erfasste nicht-personenbezogene Daten\u00a0<\/b><\/p>\n<p class=\"p2\">Wenn Sie auf unsere Websites zugreifen, werden gelegentlich automatisch (also nicht \u00fcber eine Registrierung) Informationen gesammelt, die nicht einer bestimmten Person zugeordnet sind (z.B. verwendeter Internet-Browser und Betriebssystem; Domain-Name der Website, von der Sie kamen; Anzahl der Besuche; durchschnittliche Verweilzeit; aufgerufene Seiten). Wir verwenden diese Informationen, um die Attraktivit\u00e4t unserer Websites zu ermitteln und deren Leistungsf\u00e4higkeit und Inhalte zu verbessern.<\/p>\n<p><strong>Cookies, Tracking, Social Media Plugins<br \/><\/strong><strong><br \/><\/strong>Die Internetseiten verwenden teilweise so genannte Cookies. Cookies richten auf Ihrem<br \/>Rechner keinen Schaden an und enthalten keine Viren. Cookies dienen dazu, unser Angebot<br \/>nutzerfreundlicher, effektiver und sicherer zu machen. Cookies sind kleine Textdateien,<br \/>die auf Ihrem Rechner abgelegt werden und die Ihr Browser speichert. Die meisten der von uns verwendeten Cookies sind so genannte \u201eSession-Cookies\u201c.<br \/>Sie werden nach Ende Ihres Besuchs automatisch gel\u00f6scht. Andere Cookies bleiben auf Ihrem<br \/>Endger\u00e4t gespeichert, bis Sie diese l\u00f6schen. Diese Cookies erm\u00f6glichen es uns, Ihren Browser<br \/>beim n\u00e4chsten Besuch wiederzuerkennen.<br \/>Wenn Sie unsere Internetseite besuchen werden Sie gefragt, ob Sie das Speichern von Cookies zulassen m\u00f6chten.<br \/>Wir verwenden kein Tracking und keine Social Media PlugIns.<\/p>\n<p><a href=\"#consent-change\" id=\"rcb-sc-link-change\" data-success-message=\"\" class=\"rcb-sc-link rcb-sc-link-change \">Privatsph\u00e4re-Einstellungen \u00e4ndern<\/a><br \/><a href=\"#consent-history\" id=\"rcb-sc-link-history\" data-success-message=\"\" class=\"rcb-sc-link rcb-sc-link-history \">Historie der Privatsph\u00e4re-Einstellungen<\/a><br \/><a href=\"#consent-revoke\" id=\"rcb-sc-link-revoke\" data-success-message=\"Du hast die Einwilligung erfolgreich widerrufen. Die Seite wird nun neu geladen.\" class=\"rcb-sc-link rcb-sc-link-revoke \">Einwilligungen widerrufen<\/a><\/p>\n<p class=\"p2\"><b>Kinder\u00a0<\/b><\/p>\n<p class=\"p2\">Personenbezogene Daten von Kindern wird 4BIT nicht wissentlich sammeln, ohne ausdr\u00fccklich darauf hinzuweisen, dass solche Daten nur mit Zustimmung der Eltern \u00fcbermittelt werden sollten, wenn anwendbare Rechtsvorschriften dies vorsehen. Eine Verwendung oder Weitergabe der personenbezogenen Daten von Kindern durch uns erfolgt grunds\u00e4tzlich nur, soweit dies gesetzlich erlaubt ist, zur Einholung der gesetzlich erforderlichen elterlichen Zustimmung oder zum Schutz von Kindern. F\u00fcr den Begriff &#8222;Kind\/Kinder&#8220; sind hier die geltenden gesetzlichen Bestimmungen ber\u00fccksichtigen.<\/p>\n<p class=\"p2\"><b>Sicherheit\u00a0<\/b><\/p>\n<p class=\"p2\">4BIT trifft technische und organisatorische Sicherheitsma\u00dfnahmen, um Ihre personenbezogenen Daten gegen unbeabsichtigte oder unrechtm\u00e4\u00dfige L\u00f6schung, Ver\u00e4nderung oder gegen Verlust und gegen unberechtigte Weitergabe oder unberechtigten Zugriff zu sch\u00fctzen.<\/p>\n<p class=\"p2\"><b>Links zu anderen Websites\u00a0<\/b><\/p>\n<p class=\"p2\">Die 4BIT-Soft-Websites enthalten Links zu anderen Websites. Die 4BIT GmbH ist f\u00fcr die Datenschutz-Policies oder den Inhalt dieser anderen Websites nicht verantwortlich.<\/p>\n<p><strong>Kontaktformular<\/strong><\/p>\n<p>Die Daten werden verschl\u00fcsselt \u00fcbertragen. Beim Kontaktformular werden die eingegebenen Kontaktdaten (Pflichtfelder: Anschrift und Telefonnummer) \u00fcbermittelt, zum Zwecke der Kontaktaufnahme mit dem Interessenten.<\/p>\n<p class=\"p2\"><b>Fragen und Anmerkungen\u00a0<\/b><\/p>\n<p class=\"p2\">4BIT wird auf alle angemessenen Anfragen zur Einsicht in und ggf. Berichtigung, Erg\u00e4nzung oder L\u00f6schung von personenbezogenen Daten reagieren. Im Zuge der Weiterentwicklung des Internets werden wir auch unsere Datenschutz-Policy laufend anpassen. Daher sollten Sie diese Seite regelm\u00e4\u00dfig aufrufen, um sich \u00fcber den aktuellen Stand der Datenschutz-Policy zu informieren.<\/p>\n<p><strong>Fragen zum Thema Datenschutz<br \/><\/strong><\/p>\n<p>Wenn Sie Fragen zum Datenschutz bei der 4BIT GmbH haben, schreiben Sie uns bitte eine E-Mail oder rufen Sie uns an.<\/p>\n<p>4BIT GmbH<br \/>Carsten Waldschmidt<br \/>Fritz-Haber-Str. 13<br \/>97080 W\u00fcrzburg<br \/>Tel. ++49 (0) 931-9 70 96-90<br \/>Fax ++49 (0) 931-9 70 96-98<br \/>Email: waldschmidt@4bit.de<\/p>\n<\/div>\n<\/div>\n","protected":false},"excerpt":{"rendered":"4BIT zum Thema Datenschutz\u00a0 Der Schutz personenbezogener Daten ist uns ein wichtiges Anliegen. Deshalb betreiben wir unsere Aktivit\u00e4ten in \u00dcbereinstimmung mit den anwendbaren Rechtsvorschriften zum Schutz personenbezogener Daten und zur Datensicherheit. Im Folgenden erfahren Sie, welche Informationen wir gegebenenfalls sammeln, wie wir damit umgehen und wem &hellip; <p><a href=\"https:\/\/www.4bit.de\/cms\/datenschutzhinweise\/\" class=\"more-link\"><span class=\"morelink-icon\">Weiterlesen<\/span><\/a><\/p>","protected":false},"author":1,"featured_media":0,"parent":0,"menu_order":0,"comment_status":"closed","ping_status":"closed","template":"page-templates\/full-width.php","meta":[],"jetpack_sharing_enabled":true,"jetpack_shortlink":"https:\/\/wp.me\/P6uNPK-8H","_links":{"self":[{"href":"https:\/\/www.4bit.de\/cms\/wp-json\/wp\/v2\/pages\/539"}],"collection":[{"href":"https:\/\/www.4bit.de\/cms\/wp-json\/wp\/v2\/pages"}],"about":[{"href":"https:\/\/www.4bit.de\/cms\/wp-json\/wp\/v2\/types\/page"}],"author":[{"embeddable":true,"href":"https:\/\/www.4bit.de\/cms\/wp-json\/wp\/v2\/users\/1"}],"replies":[{"embeddable":true,"href":"https:\/\/www.4bit.de\/cms\/wp-json\/wp\/v2\/comments?post=539"}],"version-history":[{"count":9,"href":"https:\/\/www.4bit.de\/cms\/wp-json\/wp\/v2\/pages\/539\/revisions"}],"predecessor-version":[{"id":759,"href":"https:\/\/www.4bit.de\/cms\/wp-json\/wp\/v2\/pages\/539\/revisions\/759"}],"wp:attachment":[{"href":"https:\/\/www.4bit.de\/cms\/wp-json\/wp\/v2\/media?parent=539"}],"curies":[{"name":"wp","href":"https:\/\/api.w.org\/{rel}","templated":true}]}}